{"id":95,"date":"2025-02-18T10:28:00","date_gmt":"2025-02-18T10:28:00","guid":{"rendered":"https:\/\/sarogem.superyachtradio.com\/?page_id=95"},"modified":"2025-02-18T10:36:54","modified_gmt":"2025-02-18T10:36:54","slug":"95-2","status":"publish","type":"page","link":"https:\/\/sarogem.superyachtradio.com\/?page_id=95","title":{"rendered":"Datenschutzerkl\u00e4rung"},"content":{"rendered":"<p>[et_pb_section fb_built=&#8220;1&#8243; _builder_version=&#8220;4.23.1&#8243; _module_preset=&#8220;default&#8220; global_colors_info=&#8220;{}&#8220;][et_pb_row _builder_version=&#8220;4.23.1&#8243; _module_preset=&#8220;default&#8220;][et_pb_column _builder_version=&#8220;4.23.1&#8243; _module_preset=&#8220;default&#8220; type=&#8220;4_4&#8243;][et_pb_image src=&#8220;https:\/\/sarogem.superyachtradio.com\/wp-content\/uploads\/2025\/02\/syr-logo-shirt.png&#8220; _builder_version=&#8220;4.23.1&#8243; _module_preset=&#8220;default&#8220; title_text=&#8220;syr logo shirt&#8220; width=&#8220;15%&#8220; hover_enabled=&#8220;0&#8243; sticky_enabled=&#8220;0&#8243; url=&#8220;https:\/\/sarogem.superyachtradio.com&#8220;][\/et_pb_image][\/et_pb_column][\/et_pb_row][et_pb_row _builder_version=&#8220;4.23.1&#8243; _module_preset=&#8220;default&#8220; global_colors_info=&#8220;{}&#8220;][et_pb_column type=&#8220;4_4&#8243; _builder_version=&#8220;4.23.1&#8243; _module_preset=&#8220;default&#8220; global_colors_info=&#8220;{}&#8220;][et_pb_text _builder_version=&#8220;4.23.1&#8243; _module_preset=&#8220;default&#8220; global_colors_info=&#8220;{}&#8220;]<\/p>\n<div class=\"ce_text pb-xxs first block\">\n<h1>Datenschutzerkl\u00e4rung<\/h1>\n<\/div>\n<div class=\"ce_text block\">\n<h4>Rechtliche <span class=\"orangeTitle\">Hinweise<\/span><\/h4>\n<\/div>\n<div class=\"ce_text autogrid-id_79828 autogrid-type_cte n0 two_third autogrid last block\">\n<p><strong>Allgemeines \/ Einleitung<\/strong><br \/>Gest\u00fctzt auf Artikel 13 der Schweizerischen Bundesverfassung und die datenschutzrechtlichen Bestimmungen des Bundes (Datenschutzgesetz, DSG) hat jede Person Anspruch auf Schutz ihrer Privatsph\u00e4re sowie auf Schutz vor Missbrauch ihrer pers\u00f6nlichen Daten. Die Betreiber dieser Seiten nehmen den Schutz Ihrer pers\u00f6nlichen Daten sehr ernst. Wir behandeln Ihre personenbezogenen Daten vertraulich und entsprechend der gesetzlichen Datenschutzvorschriften sowie dieser Datenschutzerkl\u00e4rung.<\/p>\n<p>In Zusammenarbeit mit unseren Hosting-Providern bem\u00fchen wir uns, die Datenbanken so gut wie m\u00f6glich vor unberechtigtem Zugriff, Verlust, Missbrauch oder Verf\u00e4lschung zu sch\u00fctzen.<\/p>\n<p>Wir weisen darauf hin, dass die Daten\u00fcbertragung im Internet (z.B. bei der Kommunikation per E-Mail) Sicherheitsl\u00fccken aufweisen kann. Ein l\u00fcckenloser Schutz der Daten vor dem Zugriff durch Dritte ist nicht m\u00f6glich.<\/p>\n<p>Durch die Nutzung dieser Website erkl\u00e4ren Sie sich mit der Erhebung, Verarbeitung und Nutzung von Daten gem\u00e4ss der nachfolgenden Beschreibung einverstanden. Diese Website kann grunds\u00e4tzlich ohne Registrierung besucht werden. Daten wie aufgerufene Seiten oder Namen von aufgerufenen Dateien, Datum und Uhrzeit werden zu statistischen Zwecken auf dem Server gespeichert, ohne dass diese Daten unmittelbar auf Ihre Person bezogen werden. Soweit auf unseren Seiten personenbezogene Daten (beispielsweise Name, Anschrift oder eMail-Adressen) erhoben werden, erfolgt dies, soweit m\u00f6glich, stets auf freiwilliger Basis. Diese Daten werden ohne Ihre ausdr\u00fcckliche Zustimmung nicht an Dritte weitergegeben.<\/p>\n<p><strong>Kontaktformulare und sonstige Website-Interaktionen<br \/><\/strong>Die Actionboxen, Kontaktformulare und sonstigen Online-Dienste auf unserer Webseite bieten interessierten Personen die M\u00f6glichkeit, leicht mit uns in Kontakt zu treten bzw. mit uns zu interagieren. Wenn Sie uns \u00fcber diese Actionboxen, Kontaktformulare und sonstigen Online-Diensten pers\u00f6nliche Daten von Ihnen bekanntgeben, werden wir Ihre pers\u00f6nlichen Daten verwenden, damit wir beispielsweise Ihre Anfrage beantworten k\u00f6nnen bzw. den Zweck des Formulars erf\u00fcllen k\u00f6nnen. Die Art der dabei erhobenen Daten richtet sich individuell nach dem Zweck des jeweiligen Formulars und kann sich infolge dessen unterscheiden. Eine \u00dcbermittlung Ihrer Daten an Dritte findet aber in keinem Falle statt.<\/p>\n<p><strong>Cookies<\/strong><br \/>Unsere Webseite verwendet Cookies. Cookies sind kleine Textdateien, die es erm\u00f6glichen, bestimmte Informationen zu Ihnen und Ihrem Nutzungsverhalten bez\u00fcglich unserer Webseite auf Ihrem Endger\u00e4t (beispielsweise PC, Smartphone, Tablet) zu speichern. Mit Cookies k\u00f6nnen wir die Benutzerfreundlichkeit unserer Webseite erh\u00f6hen, unsere Webseite optimieren und die Funktionalit\u00e4t unserer Webseite sicherstellen. Sie k\u00f6nnen bei den meisten Browsern das Speichern von Cookies steuern (also zulassen oder verhindern). Bitte beachten Sie jedoch, dass durch das Deaktivieren von Cookies die Funktionalit\u00e4t unserer Webseite eingeschr\u00e4nkt werden kann. Sie k\u00f6nnen Cookies, welche bereits auf Ihrem Endger\u00e4t gespeichert sind, \u00fcber Ihren Browser l\u00f6schen. Bereits beim erstmaligen Aufruf unserer Webseite weisen wir Sie auf die Verwendung von Cookies hin. Mit einem Klick auf die OK-Schaltfl\u00e4che in diesem Hinweis oder durch das Weitersurfen auf unserer Webseite erkl\u00e4ren Sie sich mit der Verwendung von Cookies einverstanden.<\/p>\n<p><strong>\u00c4nderung Ihrer Cookie-Einstellungen oder Cookies ablehnen<br \/><\/strong>In unseren Cookies werden keine sensiblen Informationen wie Namen, Adressen oder Zahlungsdetails gespeichert. Wenn Sie Cookies auf dieser oder anderen Webseiten jedoch einschr\u00e4nken, blockieren oder l\u00f6schen m\u00f6chten, k\u00f6nnen Sie in Ihrem Browser die entsprechende Einstellung vornehmen. Da sich diese Einstellung je nach Browser unterscheidet, lesen Sie im Hilfemen\u00fc des Browsers oder im Benutzerhandbuch des Mobilger\u00e4ts nach, wie die Cookie-Einstellungen ge\u00e4ndert werden.<br \/>Weitere allgemeine Informationen zu Cookies und deren Verwaltung finden Sie auf <a href=\"https:\/\/www.aboutcookies.org\/\" target=\"_blank\" rel=\"noopener\">www.aboutcookies.org<\/a>. Beachten Sie, dass wir nicht f\u00fcr die Inhalte externer Webseiten verantwortlich sind.<\/p>\n<p><strong>Server-Logfiles<\/strong><br \/>Wenn Sie unsere Webseite besuchen, speichern wir zum Zweck der System- und Datensicherheit bestimmte Verbindungsdaten (beispielsweise IP-Adresse, Besuchsdatum und Besuchsdauer, besuchte Seiten auf unserer Webseite, Daten hinsichtlich Ihres verwendeten Browsers und Betriebssystems sowie jene Webseite, von der aus Sie uns besuchen). Durch die Nutzung dieser Webseite erkl\u00e4ren Sie sich mit der Verwendung der \u00fcber Sie erhobenen Daten laut unseren Datenschutzbestimmungen einverstanden.<\/p>\n<p><strong>Datenschutz<\/strong><br \/>Gest\u00fctzt auf Artikel 13 der schweizerischen Bundesverfassung und die datenschutzrechtlichen Bestimmungen des Bundes (Datenschutzgesetz, DSG) hat jede Person Anspruch auf Schutz ihrer Privatsph\u00e4re sowie auf Schutz vor Missbrauch ihrer pers\u00f6nlichen Daten. Wir halten diese Bestimmungen ein. Pers\u00f6nliche Daten werden streng vertraulich behandelt und weder an Dritte verkauft noch weiter gegeben.<br \/>In enger Zusammenarbeit mit unseren Hosting-Providern bem\u00fchen wir uns, die Datenbanken so gut wie m\u00f6glich vor fremden Zugriffen, Verlusten, Missbrauch oder vor F\u00e4lschung zu sch\u00fctzen.<br \/>Beim Zugriff auf unsere Webseiten werden folgende Daten in Logfiles gespeichert: IP-Adresse, Datum, Uhrzeit, Browser-Anfrage und allg. \u00fcbertragene Informationen zum Betriebssystem resp. Browser. Diese Nutzungsdaten bilden die Basis f\u00fcr statistische, anonyme Auswertungen, so dass Trends erkennbar sind, anhand derer wir unsere Angebote entsprechend verbessern k\u00f6nnen.<\/p>\n<p><strong>Datenschutzerkl\u00e4rung f\u00fcr die Nutzung von Google Analytics<\/strong><br \/>Diese Website benutzt Google Analytics, einen Webanalysedienst der Google Inc. (&#8222;Google&#8220;). Google Analytics verwendet sog. &#8222;Cookies&#8220;, Textdateien, die auf Ihrem Computer gespeichert werden und die eine Analyse der Benutzung der Website durch Sie erm\u00f6glichen. Die durch den Cookie erzeugten Informationen \u00fcber Ihre Benutzung dieser Website werden in der Regel an einen Server von Google in den USA \u00fcbertragen und dort gespeichert. Im Falle der Aktivierung der IP-Anonymisierung auf dieser Webseite wird Ihre IP-Adresse von Google jedoch innerhalb von Mitgliedstaaten der Europ\u00e4ischen Union oder in anderen Vertragsstaaten des Abkommens \u00fcber den Europ\u00e4ischen Wirtschaftsraum zuvor gek\u00fcrzt.<br \/>Nur in Ausnahmef\u00e4llen wird die volle IP-Adresse an einen Server von Google in den USA \u00fcbertragen und dort gek\u00fcrzt. Google wird diese Informationen benutzen, um Ihre Nutzung der Website auszuwerten, um Reports \u00fcber die Websiteaktivit\u00e4ten f\u00fcr die Websitebetreiber zusammenzustellen und um weitere mit der Websitenutzung und der Internetnutzung verbundene Dienstleistungen zu erbringen. Auch wird Google diese Informationen gegebenenfalls an Dritte \u00fcbertragen, sofern dies gesetzlich vorgeschrieben oder soweit Dritte diese Daten im Auftrag von Google verarbeiten. Die im Rahmen von Google Analytics von Ihrem Browser \u00fcbermittelte IP-Adresse wird nicht mit anderen Daten von Google zusammengef\u00fchrt.<br \/>Sie k\u00f6nnen die Installation der Cookies durch eine entsprechende Einstellung Ihrer Browser Software verhindern; wir weisen Sie jedoch darauf hin, dass Sie in diesem Fall gegebenenfalls nicht s\u00e4mtliche Funktionen dieser Website voll umf\u00e4nglich nutzen k\u00f6nnen. Durch die Nutzung dieser Website erkl\u00e4ren Sie sich mit der Bearbeitung der \u00fcber Sie erhobenen Daten durch Google in der zuvor beschriebenen Art und Weise und zu dem zuvor benannten Zweck einverstanden.<\/p>\n<p><strong>Google Maps<\/strong><br \/>Diese Website nutzt das Angebot von Google Maps. Dies erm\u00f6glicht es uns, interaktive Karten direkt auf der Website darzustellen und Ihnen die komfortable Nutzung der Kartenfunktion zu erm\u00f6glichen. Durch den Besuch der Website erh\u00e4lt Google die Information, dass Sie die entsprechende Unterseite unserer Website aufgerufen haben. Dies geschieht unabh\u00e4ngig davon, ob Google ein Nutzerkonto bereitstellt, \u00fcber das Sie eingeloggt sind, oder ob kein Nutzerkonto vorhanden ist. Wenn Sie bei Google eingeloggt sind, werden Ihre Daten direkt Ihrem Konto zugeordnet. Wenn Sie die Zuordnung zu Ihrem Profil bei Google nicht w\u00fcnschen, m\u00fcssen Sie sich vor Aktivierung der Schaltfl\u00e4che ausloggen. Google speichert Ihre Daten als Nutzungsprofile und nutzt sie f\u00fcr Zwecke der Werbung, Marktforschung und\/oder bedarfsgerechten Gestaltung seiner Website. Eine solche Auswertung erfolgt insbesondere (auch f\u00fcr nicht eingeloggte Nutzer) zur Erbringung bedarfsgerechter Werbung und um andere Nutzer des sozialen Netzwerks \u00fcber Ihre Aktivit\u00e4ten auf unserer Website zu informieren. Sie haben das Recht, der Erstellung dieser Nutzerprofile zu widersprechen, wobei Sie sich zur Aus\u00fcbung dieses Rechts an Google wenden m\u00fcssen. N\u00e4here Informationen zu Zweck und Umfang der Datenerhebung und -verarbeitung durch Google sowie weitere Informationen zu Ihren diesbez\u00fcglichen Rechten und Einstellungsm\u00f6glichkeiten zum Schutz Ihrer Privatsph\u00e4re finden Sie unter: www.google.de\/intl\/de\/policies\/privacy.<\/p>\n<p><strong>Google TagManager<\/strong><br \/>Der Google Tag Manager ist eine L\u00f6sung, mit der wir \u00fcber eine Schnittstelle sogenannte Website-Tags verwalten und so z.B. Google Analytics und andere Google-Marketingdienste in unser Online-Angebot integrieren k\u00f6nnen. Der Tag Manager selbst, der die Tags implementiert, verarbeitet keine personenbezogenen Daten der Nutzer. Hinsichtlich der Verarbeitung personenbezogener Daten der Nutzer verweisen wir auf die folgenden Informationen zu den Google-Diensten. Verwendungsrichtlinien: https:\/\/www.google.com\/intl\/de\/tagmanager\/use-policy.html.<\/p>\n<p><strong>Vimeo<\/strong><br \/>Auf dieser Website sind Plugins des Videoportals Vimeo der Vimeo, LLC, 555 West 18th Street, New York, New York 10011, USA eingebunden. Wenn Sie eine Seite aufrufen, die einen oder mehrere Vimeo-Videoclips anbietet, wird eine direkte Verbindung zwischen Ihrem Browser und einem Server von Vimeo in den USA hergestellt. Dabei werden Informationen \u00fcber Ihren Besuch und Ihre IP-Adresse dort gespeichert. Durch Interaktionen mit den Vimeo-Plugins (z.B. Anklicken des Start-Buttons) werden diese Informationen ebenfalls an Vimeo \u00fcbermittelt und dort gespeichert. Die Datenschutzerkl\u00e4rung von Vimeo mit n\u00e4heren Informationen zur Erhebung und Nutzung Ihrer Daten durch Vimeo finden Sie in der Datenschutzerkl\u00e4rung von Vimeo.<\/p>\n<p>Wenn Sie ein Vimeo-Benutzerkonto haben und nicht m\u00f6chten, dass Vimeo \u00fcber diese Website Daten \u00fcber Sie sammelt und mit Ihren bei Vimeo gespeicherten Mitgliedsdaten verkn\u00fcpft, m\u00fcssen Sie sich vor dem Besuch dieser Website bei Vimeo ausloggen.<\/p>\n<p>Zudem ruft Vimeo \u00fcber einen iFrame, in dem das Video aufgerufen wird, den Google Analytics Tracker auf. Dies ist ein eigenes Tracking von Vimeo, auf das wir keinen Zugriff haben. Sie k\u00f6nnen das Tracking durch Google Analytics verhindern, indem Sie die Deaktivierungstools verwenden, die Google f\u00fcr einige Internetbrowser anbietet. Sie k\u00f6nnen dar\u00fcber hinaus die Erfassung der durch Google Analytics erzeugten und auf Ihre Nutzung der Website bezogenen Daten (inkl. Ihrer IP-Adresse) an Google sowie die Verarbeitung dieser Daten durch Google verhindern, indem sie das unter dem folgenden Link verf\u00fcgbare Browser-Plugin herunterladen und installieren:<\/p>\n<p>https:\/\/tools.google.com\/dlpage\/gaoptout?hl=de<\/p>\n<p><strong>Daten\u00fcbermittlung in die USA<\/strong><br \/>Auf unserer Website sind u.a. Tools von Unternehmen mit Sitz in den USA eingebunden. Wenn diese Tools aktiv sind, k\u00f6nnen Ihre personenbezogenen Daten an die US-Server der jeweiligen Unternehmen \u00fcbertragen werden. Wir weisen darauf hin, dass die USA kein sicherer Drittstaat im Sinne des EU-Datenschutzrechts sind. US-Unternehmen sind verpflichtet, personenbezogene Daten an Sicherheitsbeh\u00f6rden herauszugeben, ohne dass Sie als Betroffener dagegen rechtlich vorgehen k\u00f6nnen. Es kann daher nicht ausgeschlossen werden, dass US-Beh\u00f6rden (z.B. Geheimdienste) Ihre auf US-Servern befindlichen Daten zu \u00dcberwachungszwecken verarbeiten, auswerten und dauerhaft speichern. Auf diese Verarbeitungsvorg\u00e4nge haben wir keinen Einfluss.<\/p>\n<p><strong>\u00c4nderungen<\/strong><br \/>Wir k\u00f6nnen diese Datenschutzrichtlinie jederzeit ohne vorherige Ank\u00fcndigung \u00e4ndern. Es gilt die jeweils aktuelle, auf unserer Website ver\u00f6ffentlichte Fassung. Soweit die Datenschutzerkl\u00e4rung Teil einer Vereinbarung mit Ihnen ist, werden wir Sie im Falle einer Aktualisierung per E-Mail oder auf andere geeignete Weise \u00fcber die \u00c4nderung informieren.<\/p>\n<p><strong>Haftungsausschluss<\/strong><br \/>Der Autor \u00fcbernimmt keine Gew\u00e4hr f\u00fcr die Richtigkeit, Genauigkeit, Aktualit\u00e4t, Zuverl\u00e4ssigkeit und Vollst\u00e4ndigkeit der Informationen.<br \/>Haftungsanspr\u00fcche gegen den Autor wegen Sch\u00e4den materieller oder immaterieller Art, die aus dem Zugriff oder der Nutzung bzw. Nichtnutzung der ver\u00f6ffentlichten Informationen, durch Missbrauch der Verbindung oder durch technische St\u00f6rungen entstanden sind, werden ausgeschlossen.<\/p>\n<p>Alle Angebote sind freibleibend. Der Autor beh\u00e4lt es sich ausdr\u00fccklich vor, Teile der Seiten oder das gesamte Angebot ohne gesonderte Ank\u00fcndigung zu ver\u00e4ndern, zu erg\u00e4nzen, zu l\u00f6schen oder die Ver\u00f6ffentlichung zeitweise oder endg\u00fcltig einzustellen.<\/p>\n<\/div>\n<p>[\/et_pb_text][\/et_pb_column][\/et_pb_row][\/et_pb_section]<\/p>\n","protected":false},"excerpt":{"rendered":"<p>Datenschutzerkl\u00e4rung Rechtliche Hinweise Allgemeines \/ EinleitungGest\u00fctzt auf Artikel 13 der Schweizerischen Bundesverfassung und die datenschutzrechtlichen Bestimmungen des Bundes (Datenschutzgesetz, DSG) hat jede Person Anspruch auf Schutz ihrer Privatsph\u00e4re sowie auf Schutz vor Missbrauch ihrer pers\u00f6nlichen Daten. Die Betreiber dieser Seiten nehmen den Schutz Ihrer pers\u00f6nlichen Daten sehr ernst. Wir behandeln Ihre personenbezogenen Daten vertraulich und [&hellip;]<\/p>\n","protected":false},"author":1,"featured_media":0,"parent":0,"menu_order":0,"comment_status":"closed","ping_status":"closed","template":"page-template-blank.php","meta":{"_et_pb_use_builder":"on","_et_pb_old_content":"","_et_gb_content_width":"","footnotes":""},"class_list":["post-95","page","type-page","status-publish","hentry"],"yoast_head":"<!-- This site is optimized with the Yoast SEO plugin v27.4 - https:\/\/yoast.com\/product\/yoast-seo-wordpress\/ -->\n<title>Datenschutzerkl\u00e4rung - sarogemlaunch<\/title>\n<meta name=\"robots\" content=\"index, follow, max-snippet:-1, max-image-preview:large, max-video-preview:-1\" \/>\n<link rel=\"canonical\" href=\"https:\/\/sarogem.superyachtradio.com\/?page_id=95\" \/>\n<meta property=\"og:locale\" content=\"de_DE\" \/>\n<meta property=\"og:type\" content=\"article\" \/>\n<meta property=\"og:title\" content=\"Datenschutzerkl\u00e4rung - sarogemlaunch\" \/>\n<meta property=\"og:description\" content=\"Datenschutzerkl\u00e4rung Rechtliche Hinweise Allgemeines \/ EinleitungGest\u00fctzt auf Artikel 13 der Schweizerischen Bundesverfassung und die datenschutzrechtlichen Bestimmungen des Bundes (Datenschutzgesetz, DSG) hat jede Person Anspruch auf Schutz ihrer Privatsph\u00e4re sowie auf Schutz vor Missbrauch ihrer pers\u00f6nlichen Daten. Die Betreiber dieser Seiten nehmen den Schutz Ihrer pers\u00f6nlichen Daten sehr ernst. Wir behandeln Ihre personenbezogenen Daten vertraulich und [&hellip;]\" \/>\n<meta property=\"og:url\" content=\"https:\/\/sarogem.superyachtradio.com\/?page_id=95\" \/>\n<meta property=\"og:site_name\" content=\"sarogemlaunch\" \/>\n<meta property=\"article:modified_time\" content=\"2025-02-18T10:36:54+00:00\" \/>\n<meta name=\"twitter:card\" content=\"summary_large_image\" \/>\n<script type=\"application\/ld+json\" class=\"yoast-schema-graph\">{\"@context\":\"https:\\\/\\\/schema.org\",\"@graph\":[{\"@type\":\"WebPage\",\"@id\":\"https:\\\/\\\/sarogem.superyachtradio.com\\\/?page_id=95\",\"url\":\"https:\\\/\\\/sarogem.superyachtradio.com\\\/?page_id=95\",\"name\":\"Datenschutzerkl\u00e4rung - sarogemlaunch\",\"isPartOf\":{\"@id\":\"https:\\\/\\\/sarogem.superyachtradio.com\\\/#website\"},\"datePublished\":\"2025-02-18T10:28:00+00:00\",\"dateModified\":\"2025-02-18T10:36:54+00:00\",\"breadcrumb\":{\"@id\":\"https:\\\/\\\/sarogem.superyachtradio.com\\\/?page_id=95#breadcrumb\"},\"inLanguage\":\"de\",\"potentialAction\":[{\"@type\":\"ReadAction\",\"target\":[\"https:\\\/\\\/sarogem.superyachtradio.com\\\/?page_id=95\"]}]},{\"@type\":\"BreadcrumbList\",\"@id\":\"https:\\\/\\\/sarogem.superyachtradio.com\\\/?page_id=95#breadcrumb\",\"itemListElement\":[{\"@type\":\"ListItem\",\"position\":1,\"name\":\"Startseite\",\"item\":\"https:\\\/\\\/sarogem.superyachtradio.com\\\/\"},{\"@type\":\"ListItem\",\"position\":2,\"name\":\"Datenschutzerkl\u00e4rung\"}]},{\"@type\":\"WebSite\",\"@id\":\"https:\\\/\\\/sarogem.superyachtradio.com\\\/#website\",\"url\":\"https:\\\/\\\/sarogem.superyachtradio.com\\\/\",\"name\":\"sarogemlaunch\",\"description\":\"\",\"potentialAction\":[{\"@type\":\"SearchAction\",\"target\":{\"@type\":\"EntryPoint\",\"urlTemplate\":\"https:\\\/\\\/sarogem.superyachtradio.com\\\/?s={search_term_string}\"},\"query-input\":{\"@type\":\"PropertyValueSpecification\",\"valueRequired\":true,\"valueName\":\"search_term_string\"}}],\"inLanguage\":\"de\"}]}<\/script>\n<!-- \/ Yoast SEO plugin. -->","yoast_head_json":{"title":"Datenschutzerkl\u00e4rung - sarogemlaunch","robots":{"index":"index","follow":"follow","max-snippet":"max-snippet:-1","max-image-preview":"max-image-preview:large","max-video-preview":"max-video-preview:-1"},"canonical":"https:\/\/sarogem.superyachtradio.com\/?page_id=95","og_locale":"de_DE","og_type":"article","og_title":"Datenschutzerkl\u00e4rung - sarogemlaunch","og_description":"Datenschutzerkl\u00e4rung Rechtliche Hinweise Allgemeines \/ EinleitungGest\u00fctzt auf Artikel 13 der Schweizerischen Bundesverfassung und die datenschutzrechtlichen Bestimmungen des Bundes (Datenschutzgesetz, DSG) hat jede Person Anspruch auf Schutz ihrer Privatsph\u00e4re sowie auf Schutz vor Missbrauch ihrer pers\u00f6nlichen Daten. Die Betreiber dieser Seiten nehmen den Schutz Ihrer pers\u00f6nlichen Daten sehr ernst. Wir behandeln Ihre personenbezogenen Daten vertraulich und [&hellip;]","og_url":"https:\/\/sarogem.superyachtradio.com\/?page_id=95","og_site_name":"sarogemlaunch","article_modified_time":"2025-02-18T10:36:54+00:00","twitter_card":"summary_large_image","schema":{"@context":"https:\/\/schema.org","@graph":[{"@type":"WebPage","@id":"https:\/\/sarogem.superyachtradio.com\/?page_id=95","url":"https:\/\/sarogem.superyachtradio.com\/?page_id=95","name":"Datenschutzerkl\u00e4rung - sarogemlaunch","isPartOf":{"@id":"https:\/\/sarogem.superyachtradio.com\/#website"},"datePublished":"2025-02-18T10:28:00+00:00","dateModified":"2025-02-18T10:36:54+00:00","breadcrumb":{"@id":"https:\/\/sarogem.superyachtradio.com\/?page_id=95#breadcrumb"},"inLanguage":"de","potentialAction":[{"@type":"ReadAction","target":["https:\/\/sarogem.superyachtradio.com\/?page_id=95"]}]},{"@type":"BreadcrumbList","@id":"https:\/\/sarogem.superyachtradio.com\/?page_id=95#breadcrumb","itemListElement":[{"@type":"ListItem","position":1,"name":"Startseite","item":"https:\/\/sarogem.superyachtradio.com\/"},{"@type":"ListItem","position":2,"name":"Datenschutzerkl\u00e4rung"}]},{"@type":"WebSite","@id":"https:\/\/sarogem.superyachtradio.com\/#website","url":"https:\/\/sarogem.superyachtradio.com\/","name":"sarogemlaunch","description":"","potentialAction":[{"@type":"SearchAction","target":{"@type":"EntryPoint","urlTemplate":"https:\/\/sarogem.superyachtradio.com\/?s={search_term_string}"},"query-input":{"@type":"PropertyValueSpecification","valueRequired":true,"valueName":"search_term_string"}}],"inLanguage":"de"}]}},"_links":{"self":[{"href":"https:\/\/sarogem.superyachtradio.com\/index.php?rest_route=\/wp\/v2\/pages\/95","targetHints":{"allow":["GET"]}}],"collection":[{"href":"https:\/\/sarogem.superyachtradio.com\/index.php?rest_route=\/wp\/v2\/pages"}],"about":[{"href":"https:\/\/sarogem.superyachtradio.com\/index.php?rest_route=\/wp\/v2\/types\/page"}],"author":[{"embeddable":true,"href":"https:\/\/sarogem.superyachtradio.com\/index.php?rest_route=\/wp\/v2\/users\/1"}],"replies":[{"embeddable":true,"href":"https:\/\/sarogem.superyachtradio.com\/index.php?rest_route=%2Fwp%2Fv2%2Fcomments&post=95"}],"version-history":[{"count":4,"href":"https:\/\/sarogem.superyachtradio.com\/index.php?rest_route=\/wp\/v2\/pages\/95\/revisions"}],"predecessor-version":[{"id":111,"href":"https:\/\/sarogem.superyachtradio.com\/index.php?rest_route=\/wp\/v2\/pages\/95\/revisions\/111"}],"wp:attachment":[{"href":"https:\/\/sarogem.superyachtradio.com\/index.php?rest_route=%2Fwp%2Fv2%2Fmedia&parent=95"}],"curies":[{"name":"wp","href":"https:\/\/api.w.org\/{rel}","templated":true}]}}